{"id":48,"date":"2025-11-20T13:10:41","date_gmt":"2025-11-20T04:10:41","guid":{"rendered":"https:\/\/ssvo.lsv.jp\/?page_id=48"},"modified":"2025-11-21T11:24:26","modified_gmt":"2025-11-21T02:24:26","slug":"taroman","status":"publish","type":"page","link":"https:\/\/ssvo.lsv.jp\/index.php\/taroman\/","title":{"rendered":"\u30bf\u30ed\u30fc\u30de\u30f3"},"content":{"rendered":"<ul class=\"shortcode-text default \"><li><a href=\"https:\/\/ssvo.lsv.jp\/works\/text\/fanfic\/taroman\/706\"><h4>Metamorph\u014dse\u014dn libr\u012b<\/h4><\/a><div><p class=\"excerpt\">2025\u5e74\u7d05\u767d\u6b4c\u5408\u6226\u306e\u76f4\u5f8c\u306b\u66f8\u3044\u305f\u8a71<\/p> <\/div><\/li><li><a href=\"https:\/\/ssvo.lsv.jp\/works\/text\/fanfic\/taroman\/647\"><h4>\u5149\u3092\u63cf\u304f<\/h4><\/a><div><p class=\"excerpt\">\u30bf\u30ed\u30fc\u30de\u30f3\u306819\u4e16\u7d00\u30d5\u30e9\u30f3\u30b9\u306e\u753b\u5bb6\u306e\u8a71<\/p> <\/div><\/li><li><a href=\"https:\/\/ssvo.lsv.jp\/works\/text\/fanfic\/taroman\/12\"><h4>Origin<\/h4><\/a><div><p class=\"excerpt\">\u30d6\u30e9\u30c3\u30af\u30bf\u30ed\u30fc\u30de\u30f3\u304c\u30d6\u30e9\u30c3\u30af\u30bf\u30ed\u30fc\u30de\u30f3\u306b\u306a\u308b\u307e\u3067\u306e\u8a71\u3002\r\n\u76e3\u7763\u306e\u300c\u30d6\u30e9\u30c3\u30af\u30bf\u30ed\u30fc\u30de\u30f3\u306f\u7c98\u571f\u300d\u306e\u767a\u8a00\u3092\u53d7\u3051\u3066\u3044\u307e\u3059\u3002<\/p> <\/div><\/li><li><a href=\"https:\/\/ssvo.lsv.jp\/works\/text\/fanfic\/taroman\/10\"><h4>Au revoir, avec le sourire<\/h4><\/a><div><p class=\"excerpt\">\u5730\u7403\u306e\u7d42\u308f\u308a\u3068\u30bf\u30ed\u30fc\u30de\u30f3\u3068\u97f3\u697d\u306e\u8a71\u3002\u672c\u7de8\u30d1\u30e9\u30ec\u30eb\u3067\u3059\u3002<\/p> <\/div><\/li><li><a href=\"https:\/\/ssvo.lsv.jp\/works\/text\/fanfic\/taroman\/71\"><h4>Truth<\/h4><\/a><div><p class=\"excerpt\">\u30bf\u30ed\u30fc\u30de\u30f3\u3068\u51fa\u4f1a\u3063\u305f\u300c\u50d5\u300d\u306e\u8a71<\/p> <\/div><\/li><li><a href=\"https:\/\/ssvo.lsv.jp\/works\/text\/fanfic\/taroman\/73\"><h4>\u30d6\u30e9\u30c3\u30af\u30bf\u30ed\u30fc\u30de\u30f3\u30b7\u30e7\u30fc\u3000\u53f0\u672c<\/h4><\/a><div><p class=\"excerpt\">\u89aa\u304c\u6614\u9df2\u91ce\u30c7\u30d1\u30fc\u30c8\u306b\u884c\u3063\u305f\u6642\u3001\u5076\u7136\u30d6\u30e9\u30c3\u30af\u30bf\u30ed\u30fc\u30de\u30f3\u30b7\u30e7\u30fc\u306b\u906d\u9047\u3057\u305f\u3089\u3057\u304f\u3063\u3066\u3001\u305d\u306e\u3068\u304d\u306e\u53f0\u672c\u3092\u805e\u3044\u3066\u307e\u3068\u3081\u307e\u3057\u305f\u3002\u500b\u4eba\u306e\u8a18\u61b6\u306b\u3088\u308b\u3082\u306e\u306a\u306e\u3067\u3001\u5b9f\u969b\u306e\u30b7\u30e7\u30fc\u306e\u5185\u5bb9\u3068\u5dee\u7570\u304c\u3042\u308b\u53ef\u80fd\u6027\u304c\u3042\u308a\u307e\u3059\u3002<\/p> <\/div><\/li><li><a href=\"https:\/\/ssvo.lsv.jp\/works\/text\/fanfic\/taroman\/75\"><h4>\u30b5\u30cb\u30fc\u30b5\u30a4\u30c9\u30a2\u30c3\u30d7<\/h4><\/a><div><p class=\"excerpt\">\u7a81\u7136\u30bf\u30ed\u30fc\u30de\u30f3\u3068\u540c\u5c45\u3059\u308b\u3053\u3068\u306b\u306a\u3063\u305f\u300c\u50d5\u300d\u306e\u8a71\u3002\u6620\u753b\u306e\u30cd\u30bf\u30d0\u30ec\u3068\u72ec\u81ea\u89e3\u91c8\u304c\u542b\u307e\u308c\u307e\u3059\u3002<\/p> <\/div><\/li><\/ul>\n","protected":false},"excerpt":{"rendered":"","protected":false},"author":1,"featured_media":0,"parent":0,"menu_order":0,"comment_status":"closed","ping_status":"closed","template":"","meta":{"footnotes":""},"class_list":["post-48","page","type-page","status-publish","hentry"],"_links":{"self":[{"href":"https:\/\/ssvo.lsv.jp\/index.php\/wp-json\/wp\/v2\/pages\/48","targetHints":{"allow":["GET"]}}],"collection":[{"href":"https:\/\/ssvo.lsv.jp\/index.php\/wp-json\/wp\/v2\/pages"}],"about":[{"href":"https:\/\/ssvo.lsv.jp\/index.php\/wp-json\/wp\/v2\/types\/page"}],"author":[{"embeddable":true,"href":"https:\/\/ssvo.lsv.jp\/index.php\/wp-json\/wp\/v2\/users\/1"}],"replies":[{"embeddable":true,"href":"https:\/\/ssvo.lsv.jp\/index.php\/wp-json\/wp\/v2\/comments?post=48"}],"version-history":[{"count":4,"href":"https:\/\/ssvo.lsv.jp\/index.php\/wp-json\/wp\/v2\/pages\/48\/revisions"}],"predecessor-version":[{"id":319,"href":"https:\/\/ssvo.lsv.jp\/index.php\/wp-json\/wp\/v2\/pages\/48\/revisions\/319"}],"wp:attachment":[{"href":"https:\/\/ssvo.lsv.jp\/index.php\/wp-json\/wp\/v2\/media?parent=48"}],"curies":[{"name":"wp","href":"https:\/\/api.w.org\/{rel}","templated":true}]}}